{"id":8,"date":"2024-10-15T15:29:25","date_gmt":"2024-10-15T15:29:25","guid":{"rendered":"https:\/\/krp-zkch.ovh\/?page_id=8"},"modified":"2024-12-04T23:22:59","modified_gmt":"2024-12-04T23:22:59","slug":"specjalizacje","status":"publish","type":"page","link":"https:\/\/kancelariakostkiewicz.pl\/index.php\/specjalizacje\/","title":{"rendered":"Specjalizacje"},"content":{"rendered":"\n<p><\/p>\n\n\n\n<div style=\"height:100px\" aria-hidden=\"true\" class=\"wp-block-spacer\"><\/div>\n\n\n\n<div class=\"wp-block-columns are-vertically-aligned-top is-layout-flex wp-container-core-columns-is-layout-9d6595d7 wp-block-columns-is-layout-flex\">\n<div class=\"wp-block-column is-vertically-aligned-top is-layout-flow wp-block-column-is-layout-flow\"><div class=\"wp-block-image\">\n<figure class=\"aligncenter size-full is-resized\"><img loading=\"lazy\" decoding=\"async\" width=\"1200\" height=\"1200\" src=\"http:\/\/krp-zkch.ovh\/wp-content\/uploads\/2024\/10\/gospodarcze.png\" alt=\"\" class=\"wp-image-28\" style=\"width:auto;height:200px\" srcset=\"https:\/\/kancelariakostkiewicz.pl\/wp-content\/uploads\/2024\/10\/gospodarcze.png 1200w, https:\/\/kancelariakostkiewicz.pl\/wp-content\/uploads\/2024\/10\/gospodarcze-300x300.png 300w, https:\/\/kancelariakostkiewicz.pl\/wp-content\/uploads\/2024\/10\/gospodarcze-1024x1024.png 1024w, https:\/\/kancelariakostkiewicz.pl\/wp-content\/uploads\/2024\/10\/gospodarcze-150x150.png 150w, https:\/\/kancelariakostkiewicz.pl\/wp-content\/uploads\/2024\/10\/gospodarcze-768x768.png 768w\" sizes=\"auto, (max-width: 1200px) 100vw, 1200px\" \/><\/figure>\n<\/div>\n\n\n<h2 class=\"wp-block-heading has-text-align-center margin-bottom-20 has-medium-font-size\">Prawo gospodarcze<\/h2>\n\n\n\n<p class=\"has-text-align-left\">&#8211; zak\u0142adanie, przekszta\u0142canie i likwidacja sp\u00f3\u0142ek prawa handlowego<br>&#8211; sta\u0142a obs\u0142uga prawna doradztwo w bie\u017c\u0105cej dzia\u0142alno\u015bci sp\u00f3\u0142ek prawa handlowego<br>&#8211; sporz\u0105dzanie i opiniowanie dokument\u00f3w korporacyjnych sp\u00f3\u0142ek, m. in. um\u00f3w, statut\u00f3w, uchwa\u0142, regulamin\u00f3w&nbsp;<br>&#8211; reprezentacja w sporach z tytu\u0142u odpowiedzialno\u015bci cz\u0142onk\u00f3w zarz\u0105du sp\u00f3\u0142ki<br>&#8211; wnioski o og\u0142oszenie upad\u0142o\u015bci konsumenckiej<br>&#8211; wnioski o og\u0142oszenie upad\u0142o\u015bci<br>&#8211; wnioski o otwarcie post\u0119powania restrukturyzacyjnego<br>&#8211; zg\u0142oszenia wierzytelno\u015bci<\/p>\n<\/div>\n\n\n\n<div class=\"wp-block-column is-vertically-aligned-top is-layout-flow wp-block-column-is-layout-flow\"><div class=\"wp-block-image\">\n<figure class=\"aligncenter size-full is-resized\"><img loading=\"lazy\" decoding=\"async\" width=\"1200\" height=\"1200\" src=\"http:\/\/krp-zkch.ovh\/wp-content\/uploads\/2024\/10\/nieruchomosci.png\" alt=\"\" class=\"wp-image-29\" style=\"width:auto;height:200px\" srcset=\"https:\/\/kancelariakostkiewicz.pl\/wp-content\/uploads\/2024\/10\/nieruchomosci.png 1200w, https:\/\/kancelariakostkiewicz.pl\/wp-content\/uploads\/2024\/10\/nieruchomosci-300x300.png 300w, https:\/\/kancelariakostkiewicz.pl\/wp-content\/uploads\/2024\/10\/nieruchomosci-1024x1024.png 1024w, https:\/\/kancelariakostkiewicz.pl\/wp-content\/uploads\/2024\/10\/nieruchomosci-150x150.png 150w, https:\/\/kancelariakostkiewicz.pl\/wp-content\/uploads\/2024\/10\/nieruchomosci-768x768.png 768w\" sizes=\"auto, (max-width: 1200px) 100vw, 1200px\" \/><\/figure>\n<\/div>\n\n\n<h2 class=\"wp-block-heading has-text-align-center margin-bottom-20 has-medium-font-size\">Nieruchomo\u015bci<\/h2>\n\n\n\n<p class=\"has-text-align-left\">&#8211; obs\u0142uga inwestycji deweloperskich, w tym sporz\u0105dzanie, opiniowanie i negocjowanie um\u00f3w o roboty budowlane<br>&#8211; sprzeda\u017c i zakup nieruchomo\u015bci<br>&#8211; reprezentacja w sporach s\u0105dowych z zakresu prawa r\u0119kojmi i odpowiedzialno\u015bci dewelopera<br>&#8211; najem<br>&#8211; zniesienie wsp\u00f3\u0142w\u0142asno\u015bci<br>&#8211; s\u0142u\u017cebno\u015bci<br>&#8211; nabycie nieruchomo\u015bci przez cudzoziemc\u00f3w<br>&#8211; bie\u017c\u0105ce doradztwo na rzecz wsp\u00f3lnot mieszkaniowych<br>&#8211; zaskar\u017canie uchwa\u0142 wsp\u00f3lnot mieszkaniowych<\/p>\n<\/div>\n\n\n\n<div class=\"wp-block-column is-vertically-aligned-top is-layout-flow wp-block-column-is-layout-flow\"><div class=\"wp-block-image\">\n<figure class=\"aligncenter size-full is-resized\"><img loading=\"lazy\" decoding=\"async\" width=\"1200\" height=\"1200\" src=\"http:\/\/krp-zkch.ovh\/wp-content\/uploads\/2024\/10\/technologie.png\" alt=\"\" class=\"wp-image-35\" style=\"width:auto;height:200px\" srcset=\"https:\/\/kancelariakostkiewicz.pl\/wp-content\/uploads\/2024\/10\/technologie.png 1200w, https:\/\/kancelariakostkiewicz.pl\/wp-content\/uploads\/2024\/10\/technologie-300x300.png 300w, https:\/\/kancelariakostkiewicz.pl\/wp-content\/uploads\/2024\/10\/technologie-1024x1024.png 1024w, https:\/\/kancelariakostkiewicz.pl\/wp-content\/uploads\/2024\/10\/technologie-150x150.png 150w, https:\/\/kancelariakostkiewicz.pl\/wp-content\/uploads\/2024\/10\/technologie-768x768.png 768w\" sizes=\"auto, (max-width: 1200px) 100vw, 1200px\" \/><\/figure>\n<\/div>\n\n\n<h2 class=\"wp-block-heading has-text-align-center margin-bottom-20 has-medium-font-size\">Nowe technologie<\/h2>\n\n\n\n<p class=\"has-text-align-left\">&#8211; negocjacje, tworzenie i opiniowanie um\u00f3w, w szczeg\u00f3lno\u015bci w bran\u017cy IT<br>&#8211; bie\u017c\u0105ce doradztwo prawne na rzecz podmiot\u00f3w dzia\u0142aj\u0105cych w bran\u017cy IT<br>&#8211; tworzenie i opiniowanie regulamin\u00f3w&nbsp;<br>&#8211; sporz\u0105dzanie polityki prywatno\u015bci<br>&#8211; bie\u017c\u0105ce doradztwo w zakresie prawa w\u0142asno\u015bci intelektualnej w bran\u017cy IT<\/p>\n<\/div>\n\n\n\n<div class=\"wp-block-column is-vertically-aligned-top is-layout-flow wp-block-column-is-layout-flow\"><div class=\"wp-block-image\">\n<figure class=\"aligncenter size-full is-resized\"><img loading=\"lazy\" decoding=\"async\" width=\"1200\" height=\"1200\" src=\"http:\/\/krp-zkch.ovh\/wp-content\/uploads\/2024\/10\/umowy.png\" alt=\"\" class=\"wp-image-36\" style=\"width:auto;height:200px\" srcset=\"https:\/\/kancelariakostkiewicz.pl\/wp-content\/uploads\/2024\/10\/umowy.png 1200w, https:\/\/kancelariakostkiewicz.pl\/wp-content\/uploads\/2024\/10\/umowy-300x300.png 300w, https:\/\/kancelariakostkiewicz.pl\/wp-content\/uploads\/2024\/10\/umowy-1024x1024.png 1024w, https:\/\/kancelariakostkiewicz.pl\/wp-content\/uploads\/2024\/10\/umowy-150x150.png 150w, https:\/\/kancelariakostkiewicz.pl\/wp-content\/uploads\/2024\/10\/umowy-768x768.png 768w\" sizes=\"auto, (max-width: 1200px) 100vw, 1200px\" \/><\/figure>\n<\/div>\n\n\n<h2 class=\"wp-block-heading has-text-align-center margin-bottom-20 has-medium-font-size\">Umowy<\/h2>\n\n\n\n<p class=\"has-text-align-left\">&#8211; tworzenie<br>&#8211; opiniowanie<br>&#8211; analiza ryzyka<br>&#8211; negocjacje<br>&#8211; reprezentacjach w sporach s\u0105dowych z tytu\u0142u niewykonania lub nienale\u017cytego wykonania umowy&nbsp;<\/p>\n<\/div>\n<\/div>\n\n\n\n<div class=\"wp-block-columns are-vertically-aligned-top is-layout-flex wp-container-core-columns-is-layout-9d6595d7 wp-block-columns-is-layout-flex\">\n<div class=\"wp-block-column is-vertically-aligned-top is-layout-flow wp-block-column-is-layout-flow\"><div class=\"wp-block-image\">\n<figure class=\"aligncenter size-full is-resized\"><img loading=\"lazy\" decoding=\"async\" width=\"1200\" height=\"1200\" src=\"http:\/\/krp-zkch.ovh\/wp-content\/uploads\/2024\/10\/rodzina.png\" alt=\"\" class=\"wp-image-32\" style=\"width:auto;height:200px\" srcset=\"https:\/\/kancelariakostkiewicz.pl\/wp-content\/uploads\/2024\/10\/rodzina.png 1200w, https:\/\/kancelariakostkiewicz.pl\/wp-content\/uploads\/2024\/10\/rodzina-300x300.png 300w, https:\/\/kancelariakostkiewicz.pl\/wp-content\/uploads\/2024\/10\/rodzina-1024x1024.png 1024w, https:\/\/kancelariakostkiewicz.pl\/wp-content\/uploads\/2024\/10\/rodzina-150x150.png 150w, https:\/\/kancelariakostkiewicz.pl\/wp-content\/uploads\/2024\/10\/rodzina-768x768.png 768w\" sizes=\"auto, (max-width: 1200px) 100vw, 1200px\" \/><\/figure>\n<\/div>\n\n\n<h2 class=\"wp-block-heading has-text-align-center margin-bottom-20 has-medium-font-size\">Rodzina<\/h2>\n\n\n\n<div class=\"wp-block-group\"><div class=\"wp-block-group__inner-container is-layout-constrained wp-block-group-is-layout-constrained\">\n<p class=\"has-text-align-left\">&#8211; rozw\u00f3d<br>&#8211; podzia\u0142 maj\u0105tku<br>&#8211; separacja<br>&#8211; alimenty&nbsp;<br>&#8211; w\u0142adza rodzicielska<br>&#8211; kontakty z dzie\u0107mi<br>&#8211; opieka i kuratela<br>&#8211; ubezw\u0142asnowolnienie<\/p>\n<\/div><\/div>\n<\/div>\n\n\n\n<div class=\"wp-block-column is-vertically-aligned-top is-layout-flow wp-block-column-is-layout-flow\"><div class=\"wp-block-image\">\n<figure class=\"aligncenter size-full is-resized\"><img loading=\"lazy\" decoding=\"async\" width=\"1200\" height=\"1200\" src=\"http:\/\/krp-zkch.ovh\/wp-content\/uploads\/2024\/10\/spadki.png\" alt=\"\" class=\"wp-image-34\" style=\"width:auto;height:200px\" srcset=\"https:\/\/kancelariakostkiewicz.pl\/wp-content\/uploads\/2024\/10\/spadki.png 1200w, https:\/\/kancelariakostkiewicz.pl\/wp-content\/uploads\/2024\/10\/spadki-300x300.png 300w, https:\/\/kancelariakostkiewicz.pl\/wp-content\/uploads\/2024\/10\/spadki-1024x1024.png 1024w, https:\/\/kancelariakostkiewicz.pl\/wp-content\/uploads\/2024\/10\/spadki-150x150.png 150w, https:\/\/kancelariakostkiewicz.pl\/wp-content\/uploads\/2024\/10\/spadki-768x768.png 768w\" sizes=\"auto, (max-width: 1200px) 100vw, 1200px\" \/><\/figure>\n<\/div>\n\n\n<h2 class=\"wp-block-heading has-text-align-center margin-bottom-20 has-medium-font-size\">Spadki<\/h2>\n\n\n\n<p>&#8211; nabycie i odrzucenie spadku<br>&#8211; realizacja testamentu<br>&#8211; zachowek<br>&#8211; podzia\u0142 maj\u0105tku spadkowego<br>&#8211; spis inwentarza maj\u0105tku spadkowego<\/p>\n<\/div>\n\n\n\n<div class=\"wp-block-column is-vertically-aligned-top is-layout-flow wp-block-column-is-layout-flow\"><div class=\"wp-block-image\">\n<figure class=\"aligncenter size-full is-resized\"><img loading=\"lazy\" decoding=\"async\" width=\"1200\" height=\"1200\" src=\"http:\/\/krp-zkch.ovh\/wp-content\/uploads\/2024\/10\/umowy.png\" alt=\"\" class=\"wp-image-36\" style=\"width:auto;height:200px\" srcset=\"https:\/\/kancelariakostkiewicz.pl\/wp-content\/uploads\/2024\/10\/umowy.png 1200w, https:\/\/kancelariakostkiewicz.pl\/wp-content\/uploads\/2024\/10\/umowy-300x300.png 300w, https:\/\/kancelariakostkiewicz.pl\/wp-content\/uploads\/2024\/10\/umowy-1024x1024.png 1024w, https:\/\/kancelariakostkiewicz.pl\/wp-content\/uploads\/2024\/10\/umowy-150x150.png 150w, https:\/\/kancelariakostkiewicz.pl\/wp-content\/uploads\/2024\/10\/umowy-768x768.png 768w\" sizes=\"auto, (max-width: 1200px) 100vw, 1200px\" \/><\/figure>\n<\/div>\n\n\n<div class=\"wp-block-group\"><div class=\"wp-block-group__inner-container is-layout-constrained wp-block-group-is-layout-constrained\">\n<h2 class=\"wp-block-heading has-text-align-center margin-bottom-20 has-medium-font-size\">Odszkodowania<\/h2>\n\n\n\n<p class=\"has-text-align-left\">&#8211; likwidacja szk\u00f3d maj\u0105tkowych, w tym komunikacyjnych i osobowych<br>&#8211; likwidacja szk\u00f3d zwi\u0105zanych z prowadzeniem dzia\u0142alno\u015bci gospodarczej<br>&#8211; reprezentacja w sporach s\u0105dowych z towarzystwami ubezpieczeniowymi&nbsp;<br>&#8211; reprezentacja w sprawach zwi\u0105zanych z b\u0142\u0119dami lekarskimi<\/p>\n<\/div><\/div>\n<\/div>\n\n\n\n<div class=\"wp-block-column is-vertically-aligned-top is-layout-flow wp-block-column-is-layout-flow\"><div class=\"wp-block-image\">\n<figure class=\"aligncenter size-full is-resized\"><img loading=\"lazy\" decoding=\"async\" width=\"1200\" height=\"1200\" src=\"http:\/\/krp-zkch.ovh\/wp-content\/uploads\/2024\/10\/windykacja.png\" alt=\"\" class=\"wp-image-37\" style=\"width:200px;height:auto\" srcset=\"https:\/\/kancelariakostkiewicz.pl\/wp-content\/uploads\/2024\/10\/windykacja.png 1200w, https:\/\/kancelariakostkiewicz.pl\/wp-content\/uploads\/2024\/10\/windykacja-300x300.png 300w, https:\/\/kancelariakostkiewicz.pl\/wp-content\/uploads\/2024\/10\/windykacja-1024x1024.png 1024w, https:\/\/kancelariakostkiewicz.pl\/wp-content\/uploads\/2024\/10\/windykacja-150x150.png 150w, https:\/\/kancelariakostkiewicz.pl\/wp-content\/uploads\/2024\/10\/windykacja-768x768.png 768w\" sizes=\"auto, (max-width: 1200px) 100vw, 1200px\" \/><\/figure>\n<\/div>\n\n\n<h2 class=\"wp-block-heading has-text-align-center margin-bottom-20 has-medium-font-size\">Windykacja nale\u017cno\u015bci<\/h2>\n\n\n\n<p>&#8211; wezwania do zap\u0142aty<br>&#8211; ugody<br>&#8211; pozwy o zap\u0142at\u0119<br>&#8211; roszczenia z weksla<br>&#8211; post\u0119powania egzekucyjne<br>&#8211; skargi na czynno\u015bci komornika<\/p>\n<\/div>\n<\/div>\n\n\n\n<div style=\"height:100px\" aria-hidden=\"true\" class=\"wp-block-spacer\"><\/div>\n","protected":false},"excerpt":{"rendered":"<p>Prawo gospodarcze &#8211; zak\u0142adanie, przekszta\u0142canie i likwidacja sp\u00f3\u0142ek prawa handlowego&#8211; sta\u0142a obs\u0142uga prawna doradztwo w bie\u017c\u0105cej dzia\u0142alno\u015bci sp\u00f3\u0142ek prawa handlowego&#8211; sporz\u0105dzanie i opiniowanie dokument\u00f3w korporacyjnych&hellip;<\/p>\n","protected":false},"author":1,"featured_media":0,"parent":0,"menu_order":0,"comment_status":"closed","ping_status":"closed","template":"","meta":{"footnotes":""},"class_list":["post-8","page","type-page","status-publish","hentry"],"_links":{"self":[{"href":"https:\/\/kancelariakostkiewicz.pl\/index.php\/wp-json\/wp\/v2\/pages\/8","targetHints":{"allow":["GET"]}}],"collection":[{"href":"https:\/\/kancelariakostkiewicz.pl\/index.php\/wp-json\/wp\/v2\/pages"}],"about":[{"href":"https:\/\/kancelariakostkiewicz.pl\/index.php\/wp-json\/wp\/v2\/types\/page"}],"author":[{"embeddable":true,"href":"https:\/\/kancelariakostkiewicz.pl\/index.php\/wp-json\/wp\/v2\/users\/1"}],"replies":[{"embeddable":true,"href":"https:\/\/kancelariakostkiewicz.pl\/index.php\/wp-json\/wp\/v2\/comments?post=8"}],"version-history":[{"count":30,"href":"https:\/\/kancelariakostkiewicz.pl\/index.php\/wp-json\/wp\/v2\/pages\/8\/revisions"}],"predecessor-version":[{"id":206,"href":"https:\/\/kancelariakostkiewicz.pl\/index.php\/wp-json\/wp\/v2\/pages\/8\/revisions\/206"}],"wp:attachment":[{"href":"https:\/\/kancelariakostkiewicz.pl\/index.php\/wp-json\/wp\/v2\/media?parent=8"}],"curies":[{"name":"wp","href":"https:\/\/api.w.org\/{rel}","templated":true}]}}