{"id":6,"date":"2024-10-15T15:29:25","date_gmt":"2024-10-15T15:29:25","guid":{"rendered":"https:\/\/krp-zkch.ovh\/?page_id=6"},"modified":"2024-12-04T22:55:09","modified_gmt":"2024-12-04T22:55:09","slug":"kancelaria","status":"publish","type":"page","link":"https:\/\/kancelariakostkiewicz.pl\/","title":{"rendered":"Kancelaria"},"content":{"rendered":"\n<div class=\"wp-block-cover\" style=\"min-height:700px;aspect-ratio:unset;\"><span aria-hidden=\"true\" class=\"wp-block-cover__background has-background-dim-0 has-background-dim has-background-gradient\" style=\"background:radial-gradient(rgb(179,68,202) 0%,rgb(59,108,239) 100%)\"><\/span><img decoding=\"async\" class=\"wp-block-cover__image-background wp-image-24\" alt=\"\" src=\"https:\/\/kancelariakostkiewicz.pl\/wp-content\/uploads\/2024\/10\/cover.png\" data-object-fit=\"cover\"\/><div class=\"wp-block-cover__inner-container is-layout-flow wp-block-cover-is-layout-flow\">\n<div style=\"height:60px\" aria-hidden=\"true\" class=\"wp-block-spacer\"><\/div>\n\n\n\n<h2 class=\"wp-block-heading has-text-align-center margin-bottom-30 has-white-color has-text-color has-link-color wp-elements-d32a60483a5452f45959f1e18c57569a\" style=\"font-size:50px\"><strong><strong>Razem znajdziemy rozwi\u0105zanie<\/strong><\/strong><\/h2>\n\n\n\n<p class=\"has-text-align-center\">KANCELARIA RADCY PRAWNEGO ZOFIA KOSTKIEWICZ-CHULIST&nbsp;<\/p>\n\n\n\n<div style=\"height:60px\" aria-hidden=\"true\" class=\"wp-block-spacer\"><\/div>\n\n\n\n<p class=\"has-text-align-center\"><\/p>\n<\/div><\/div>\n\n\n\n<div style=\"height:50px\" aria-hidden=\"true\" class=\"wp-block-spacer\"><\/div>\n\n\n\n<h3 class=\"wp-block-heading has-text-align-center\">Kancelaria Radcy Prawnego Zofia Kostkiewicz-Chulist oferuje kompleksow\u0105 obs\u0142ug\u0119 podmiot\u00f3w gospodarczych, fundacji, stowarzysze\u0144 wsp\u00f3lnot mieszkaniowych oraz os\u00f3b fizycznych w zakresie szeroko rozumianego prawa cywilnego i gospodarczego.&nbsp;<br><\/h3>\n\n\n\n<div style=\"height:50px\" aria-hidden=\"true\" class=\"wp-block-spacer\"><\/div>\n\n\n\n<div class=\"wp-block-columns are-vertically-aligned-top is-layout-flex wp-container-core-columns-is-layout-9d6595d7 wp-block-columns-is-layout-flex\">\n<div class=\"wp-block-column is-vertically-aligned-top is-layout-flow wp-block-column-is-layout-flow\"><div class=\"wp-block-image\">\n<figure class=\"aligncenter size-full is-resized\"><a href=\"https:\/\/kancelariakostkiewicz.pl\/index.php\/specjalizacje\/\"><img loading=\"lazy\" decoding=\"async\" width=\"1200\" height=\"1200\" src=\"http:\/\/krp-zkch.ovh\/wp-content\/uploads\/2024\/10\/gospodarcze.png\" alt=\"\" class=\"wp-image-28\" style=\"width:auto;height:200px\" srcset=\"https:\/\/kancelariakostkiewicz.pl\/wp-content\/uploads\/2024\/10\/gospodarcze.png 1200w, https:\/\/kancelariakostkiewicz.pl\/wp-content\/uploads\/2024\/10\/gospodarcze-300x300.png 300w, https:\/\/kancelariakostkiewicz.pl\/wp-content\/uploads\/2024\/10\/gospodarcze-1024x1024.png 1024w, https:\/\/kancelariakostkiewicz.pl\/wp-content\/uploads\/2024\/10\/gospodarcze-150x150.png 150w, https:\/\/kancelariakostkiewicz.pl\/wp-content\/uploads\/2024\/10\/gospodarcze-768x768.png 768w\" sizes=\"auto, (max-width: 1200px) 100vw, 1200px\" \/><\/a><\/figure>\n<\/div>\n\n\n<h2 class=\"wp-block-heading has-text-align-center margin-bottom-20 has-medium-font-size\">Prawo gospodarcze<\/h2>\n\n\n\n<p class=\"has-text-align-center\"><\/p>\n<\/div>\n\n\n\n<div class=\"wp-block-column is-vertically-aligned-top is-layout-flow wp-block-column-is-layout-flow\"><div class=\"wp-block-image\">\n<figure class=\"aligncenter size-full is-resized\"><a href=\"https:\/\/kancelariakostkiewicz.pl\/index.php\/specjalizacje\/\"><img loading=\"lazy\" decoding=\"async\" width=\"1200\" height=\"1200\" src=\"http:\/\/krp-zkch.ovh\/wp-content\/uploads\/2024\/10\/nieruchomosci.png\" alt=\"\" class=\"wp-image-29\" style=\"width:auto;height:200px\" srcset=\"https:\/\/kancelariakostkiewicz.pl\/wp-content\/uploads\/2024\/10\/nieruchomosci.png 1200w, https:\/\/kancelariakostkiewicz.pl\/wp-content\/uploads\/2024\/10\/nieruchomosci-300x300.png 300w, https:\/\/kancelariakostkiewicz.pl\/wp-content\/uploads\/2024\/10\/nieruchomosci-1024x1024.png 1024w, https:\/\/kancelariakostkiewicz.pl\/wp-content\/uploads\/2024\/10\/nieruchomosci-150x150.png 150w, https:\/\/kancelariakostkiewicz.pl\/wp-content\/uploads\/2024\/10\/nieruchomosci-768x768.png 768w\" sizes=\"auto, (max-width: 1200px) 100vw, 1200px\" \/><\/a><\/figure>\n<\/div>\n\n\n<h2 class=\"wp-block-heading has-text-align-center margin-bottom-20 has-medium-font-size\">Nieruchomo\u015bci<\/h2>\n\n\n\n<p class=\"has-text-align-center\"><\/p>\n<\/div>\n\n\n\n<div class=\"wp-block-column is-vertically-aligned-top is-layout-flow wp-block-column-is-layout-flow\"><div class=\"wp-block-image\">\n<figure class=\"aligncenter size-full is-resized\"><a href=\"https:\/\/kancelariakostkiewicz.pl\/index.php\/specjalizacje\/\"><img loading=\"lazy\" decoding=\"async\" width=\"1200\" height=\"1200\" src=\"http:\/\/krp-zkch.ovh\/wp-content\/uploads\/2024\/10\/technologie.png\" alt=\"\" class=\"wp-image-35\" style=\"width:auto;height:200px\" srcset=\"https:\/\/kancelariakostkiewicz.pl\/wp-content\/uploads\/2024\/10\/technologie.png 1200w, https:\/\/kancelariakostkiewicz.pl\/wp-content\/uploads\/2024\/10\/technologie-300x300.png 300w, https:\/\/kancelariakostkiewicz.pl\/wp-content\/uploads\/2024\/10\/technologie-1024x1024.png 1024w, https:\/\/kancelariakostkiewicz.pl\/wp-content\/uploads\/2024\/10\/technologie-150x150.png 150w, https:\/\/kancelariakostkiewicz.pl\/wp-content\/uploads\/2024\/10\/technologie-768x768.png 768w\" sizes=\"auto, (max-width: 1200px) 100vw, 1200px\" \/><\/a><\/figure>\n<\/div>\n\n\n<h2 class=\"wp-block-heading has-text-align-center margin-bottom-20 has-medium-font-size\">Nowe technologie<\/h2>\n\n\n\n<p class=\"has-text-align-center\"><\/p>\n<\/div>\n\n\n\n<div class=\"wp-block-column is-vertically-aligned-top is-layout-flow wp-block-column-is-layout-flow\"><div class=\"wp-block-image\">\n<figure class=\"aligncenter size-full is-resized\"><a href=\"https:\/\/kancelariakostkiewicz.pl\/index.php\/specjalizacje\/\"><img loading=\"lazy\" decoding=\"async\" width=\"1200\" height=\"1200\" src=\"http:\/\/krp-zkch.ovh\/wp-content\/uploads\/2024\/10\/umowy.png\" alt=\"\" class=\"wp-image-36\" style=\"width:auto;height:200px\" srcset=\"https:\/\/kancelariakostkiewicz.pl\/wp-content\/uploads\/2024\/10\/umowy.png 1200w, https:\/\/kancelariakostkiewicz.pl\/wp-content\/uploads\/2024\/10\/umowy-300x300.png 300w, https:\/\/kancelariakostkiewicz.pl\/wp-content\/uploads\/2024\/10\/umowy-1024x1024.png 1024w, https:\/\/kancelariakostkiewicz.pl\/wp-content\/uploads\/2024\/10\/umowy-150x150.png 150w, https:\/\/kancelariakostkiewicz.pl\/wp-content\/uploads\/2024\/10\/umowy-768x768.png 768w\" sizes=\"auto, (max-width: 1200px) 100vw, 1200px\" \/><\/a><\/figure>\n<\/div>\n\n\n<h2 class=\"wp-block-heading has-text-align-center margin-bottom-20 has-medium-font-size\">Umowy<\/h2>\n\n\n\n<p class=\"has-text-align-center\"><\/p>\n<\/div>\n<\/div>\n\n\n\n<div class=\"wp-block-columns are-vertically-aligned-top is-layout-flex wp-container-core-columns-is-layout-9d6595d7 wp-block-columns-is-layout-flex\">\n<div class=\"wp-block-column is-vertically-aligned-top is-layout-flow wp-block-column-is-layout-flow\"><div class=\"wp-block-image\">\n<figure class=\"aligncenter size-full is-resized\"><a href=\"https:\/\/kancelariakostkiewicz.pl\/index.php\/specjalizacje\/\"><img loading=\"lazy\" decoding=\"async\" width=\"1200\" height=\"1200\" src=\"http:\/\/krp-zkch.ovh\/wp-content\/uploads\/2024\/10\/rodzina.png\" alt=\"\" class=\"wp-image-32\" style=\"width:auto;height:200px\" srcset=\"https:\/\/kancelariakostkiewicz.pl\/wp-content\/uploads\/2024\/10\/rodzina.png 1200w, https:\/\/kancelariakostkiewicz.pl\/wp-content\/uploads\/2024\/10\/rodzina-300x300.png 300w, https:\/\/kancelariakostkiewicz.pl\/wp-content\/uploads\/2024\/10\/rodzina-1024x1024.png 1024w, https:\/\/kancelariakostkiewicz.pl\/wp-content\/uploads\/2024\/10\/rodzina-150x150.png 150w, https:\/\/kancelariakostkiewicz.pl\/wp-content\/uploads\/2024\/10\/rodzina-768x768.png 768w\" sizes=\"auto, (max-width: 1200px) 100vw, 1200px\" \/><\/a><\/figure>\n<\/div>\n\n\n<h2 class=\"wp-block-heading has-text-align-center margin-bottom-20 has-medium-font-size\">Rodzina<\/h2>\n\n\n\n<p class=\"has-text-align-center\"><\/p>\n<\/div>\n\n\n\n<div class=\"wp-block-column is-vertically-aligned-top is-layout-flow wp-block-column-is-layout-flow\"><div class=\"wp-block-image\">\n<figure class=\"aligncenter size-full is-resized\"><a href=\"https:\/\/kancelariakostkiewicz.pl\/index.php\/specjalizacje\/\"><img loading=\"lazy\" decoding=\"async\" width=\"1200\" height=\"1200\" src=\"http:\/\/krp-zkch.ovh\/wp-content\/uploads\/2024\/10\/spadki.png\" alt=\"\" class=\"wp-image-34\" style=\"width:auto;height:200px\" srcset=\"https:\/\/kancelariakostkiewicz.pl\/wp-content\/uploads\/2024\/10\/spadki.png 1200w, https:\/\/kancelariakostkiewicz.pl\/wp-content\/uploads\/2024\/10\/spadki-300x300.png 300w, https:\/\/kancelariakostkiewicz.pl\/wp-content\/uploads\/2024\/10\/spadki-1024x1024.png 1024w, https:\/\/kancelariakostkiewicz.pl\/wp-content\/uploads\/2024\/10\/spadki-150x150.png 150w, https:\/\/kancelariakostkiewicz.pl\/wp-content\/uploads\/2024\/10\/spadki-768x768.png 768w\" sizes=\"auto, (max-width: 1200px) 100vw, 1200px\" \/><\/a><\/figure>\n<\/div>\n\n\n<h2 class=\"wp-block-heading has-text-align-center margin-bottom-20 has-medium-font-size\">Spadki<\/h2>\n\n\n\n<p class=\"has-text-align-center\"><\/p>\n<\/div>\n\n\n\n<div class=\"wp-block-column is-vertically-aligned-top is-layout-flow wp-block-column-is-layout-flow\"><div class=\"wp-block-image\">\n<figure class=\"aligncenter size-full is-resized\"><a href=\"https:\/\/kancelariakostkiewicz.pl\/index.php\/specjalizacje\/\"><img loading=\"lazy\" decoding=\"async\" width=\"1200\" height=\"1200\" src=\"http:\/\/krp-zkch.ovh\/wp-content\/uploads\/2024\/10\/odszkodowania.png\" alt=\"\" class=\"wp-image-30\" style=\"width:auto;height:200px\" srcset=\"https:\/\/kancelariakostkiewicz.pl\/wp-content\/uploads\/2024\/10\/odszkodowania.png 1200w, https:\/\/kancelariakostkiewicz.pl\/wp-content\/uploads\/2024\/10\/odszkodowania-300x300.png 300w, https:\/\/kancelariakostkiewicz.pl\/wp-content\/uploads\/2024\/10\/odszkodowania-1024x1024.png 1024w, https:\/\/kancelariakostkiewicz.pl\/wp-content\/uploads\/2024\/10\/odszkodowania-150x150.png 150w, https:\/\/kancelariakostkiewicz.pl\/wp-content\/uploads\/2024\/10\/odszkodowania-768x768.png 768w\" sizes=\"auto, (max-width: 1200px) 100vw, 1200px\" \/><\/a><\/figure>\n<\/div>\n\n\n<h2 class=\"wp-block-heading has-text-align-center margin-bottom-20 has-medium-font-size\">Odszkodowania<\/h2>\n\n\n\n<p class=\"has-text-align-center\"><\/p>\n<\/div>\n\n\n\n<div class=\"wp-block-column is-vertically-aligned-top is-layout-flow wp-block-column-is-layout-flow\"><div class=\"wp-block-image\">\n<figure class=\"aligncenter size-full is-resized\"><a href=\"https:\/\/kancelariakostkiewicz.pl\/index.php\/specjalizacje\/\"><img loading=\"lazy\" decoding=\"async\" width=\"1200\" height=\"1200\" src=\"http:\/\/krp-zkch.ovh\/wp-content\/uploads\/2024\/10\/windykacja.png\" alt=\"\" class=\"wp-image-37\" style=\"width:auto;height:200px\" srcset=\"https:\/\/kancelariakostkiewicz.pl\/wp-content\/uploads\/2024\/10\/windykacja.png 1200w, https:\/\/kancelariakostkiewicz.pl\/wp-content\/uploads\/2024\/10\/windykacja-300x300.png 300w, https:\/\/kancelariakostkiewicz.pl\/wp-content\/uploads\/2024\/10\/windykacja-1024x1024.png 1024w, https:\/\/kancelariakostkiewicz.pl\/wp-content\/uploads\/2024\/10\/windykacja-150x150.png 150w, https:\/\/kancelariakostkiewicz.pl\/wp-content\/uploads\/2024\/10\/windykacja-768x768.png 768w\" sizes=\"auto, (max-width: 1200px) 100vw, 1200px\" \/><\/a><\/figure>\n<\/div>\n\n\n<h2 class=\"wp-block-heading has-text-align-center margin-bottom-20 has-medium-font-size\">Windykacja nale\u017cno\u015bci<\/h2>\n\n\n\n<p class=\"has-text-align-center\"><\/p>\n<\/div>\n<\/div>\n\n\n\n<div style=\"height:100px\" aria-hidden=\"true\" class=\"wp-block-spacer\"><\/div>\n\n\n\n<div class=\"wp-block-cover is-light\" style=\"min-height:500px;aspect-ratio:unset;\"><span aria-hidden=\"true\" class=\"wp-block-cover__background has-white-background-color has-background-dim-20 has-background-dim\"><\/span><img loading=\"lazy\" decoding=\"async\" width=\"2560\" height=\"1706\" class=\"wp-block-cover__image-background wp-image-195\" alt=\"\" src=\"http:\/\/krp-zkch.ovh\/wp-content\/uploads\/2024\/10\/glowna_color-scaled.jpg\" style=\"object-position:36% 31%\" data-object-fit=\"cover\" data-object-position=\"36% 31%\" srcset=\"https:\/\/kancelariakostkiewicz.pl\/wp-content\/uploads\/2024\/10\/glowna_color-scaled.jpg 2560w, https:\/\/kancelariakostkiewicz.pl\/wp-content\/uploads\/2024\/10\/glowna_color-300x200.jpg 300w, https:\/\/kancelariakostkiewicz.pl\/wp-content\/uploads\/2024\/10\/glowna_color-1024x683.jpg 1024w, https:\/\/kancelariakostkiewicz.pl\/wp-content\/uploads\/2024\/10\/glowna_color-768x512.jpg 768w, https:\/\/kancelariakostkiewicz.pl\/wp-content\/uploads\/2024\/10\/glowna_color-1536x1024.jpg 1536w, https:\/\/kancelariakostkiewicz.pl\/wp-content\/uploads\/2024\/10\/glowna_color-2048x1365.jpg 2048w\" sizes=\"auto, (max-width: 2560px) 100vw, 2560px\" \/><div class=\"wp-block-cover__inner-container is-layout-flow wp-block-cover-is-layout-flow\">\n<div class=\"wp-block-columns are-vertically-aligned-center is-layout-flex wp-container-core-columns-is-layout-9d6595d7 wp-block-columns-is-layout-flex\">\n<div class=\"wp-block-column is-vertically-aligned-center is-layout-flow wp-block-column-is-layout-flow\" style=\"flex-basis:100%\">\n<div style=\"height:50px\" aria-hidden=\"true\" class=\"wp-block-spacer\"><\/div>\n\n\n\n<h2 class=\"wp-block-heading has-text-align-center margin-bottom-20 has-white-color has-text-color has-link-color wp-elements-36f8d1b7696ba08614d75e2344aa9b57\">O kancelarii<\/h2>\n\n\n\n<p class=\"has-white-color has-text-color has-link-color has-medium-font-size wp-elements-832f4c3e5c308580f9d31add6baeb946\">Dzia\u0142alno\u015b\u0107 Kancelarii obejmuje terytorium ca\u0142ego kraju, a w szczeg\u00f3lno\u015bci wojew\u00f3dztwo dolno\u015bl\u0105skie i lubuskie, w ramach reprezentacji klient\u00f3w na etapie negocjacji um\u00f3w, post\u0119powa\u0144 mediacyjnych i spor\u00f3w s\u0105dowych przed s\u0105dami wszystkich instancji, jak r\u00f3wnie\u017c S\u0105dem Najwy\u017cszym oraz post\u0119powa\u0144 administracyjnych. Kancelaria zapewnia udzielanie porad prawnych i konsultacji, przygotowywanie projekt\u00f3w opinii i informacji prawnych, opracowywanie pism procesowych oraz tworzenie i weryfikacj\u0119 um\u00f3w. <\/p>\n\n\n\n<div style=\"height:51px\" aria-hidden=\"true\" class=\"wp-block-spacer\"><\/div>\n\n\n\n<div class=\"wp-block-buttons is-horizontal is-content-justification-center is-layout-flex wp-container-core-buttons-is-layout-499968f5 wp-block-buttons-is-layout-flex\">\n<div class=\"wp-block-button is-style-fill\"><a class=\"wp-block-button__link has-background wp-element-button\" href=\"https:\/\/kancelariakostkiewicz.pl\/index.php\/specjalizacje\/\" style=\"background-color:#00556d\">Wi\u0119cej<\/a><\/div>\n<\/div>\n\n\n\n<div style=\"height:50px\" aria-hidden=\"true\" class=\"wp-block-spacer\"><\/div>\n<\/div>\n<\/div>\n<\/div><\/div>\n\n\n\n<div style=\"height:100px\" aria-hidden=\"true\" class=\"wp-block-spacer\"><\/div>\n\n\n\n<div class=\"wp-block-columns is-layout-flex wp-container-core-columns-is-layout-9d6595d7 wp-block-columns-is-layout-flex\">\n<div class=\"wp-block-column is-layout-flow wp-block-column-is-layout-flow\">\n<figure class=\"wp-block-image size-full\"><img loading=\"lazy\" decoding=\"async\" width=\"1707\" height=\"2560\" src=\"http:\/\/krp-zkch.ovh\/wp-content\/uploads\/2024\/10\/Kancelaria_Kostkiewicz_glowna-scaled.jpeg\" alt=\"\" class=\"wp-image-39\" srcset=\"https:\/\/kancelariakostkiewicz.pl\/wp-content\/uploads\/2024\/10\/Kancelaria_Kostkiewicz_glowna-scaled.jpeg 1707w, https:\/\/kancelariakostkiewicz.pl\/wp-content\/uploads\/2024\/10\/Kancelaria_Kostkiewicz_glowna-200x300.jpeg 200w, https:\/\/kancelariakostkiewicz.pl\/wp-content\/uploads\/2024\/10\/Kancelaria_Kostkiewicz_glowna-683x1024.jpeg 683w, https:\/\/kancelariakostkiewicz.pl\/wp-content\/uploads\/2024\/10\/Kancelaria_Kostkiewicz_glowna-768x1152.jpeg 768w, https:\/\/kancelariakostkiewicz.pl\/wp-content\/uploads\/2024\/10\/Kancelaria_Kostkiewicz_glowna-1024x1536.jpeg 1024w, https:\/\/kancelariakostkiewicz.pl\/wp-content\/uploads\/2024\/10\/Kancelaria_Kostkiewicz_glowna-1365x2048.jpeg 1365w\" sizes=\"auto, (max-width: 1707px) 100vw, 1707px\" \/><\/figure>\n<\/div>\n\n\n\n<div class=\"wp-block-column is-vertically-aligned-center is-layout-flow wp-block-column-is-layout-flow\">\n<h2 class=\"wp-block-heading margin-bottom-30\">Radca prawny <br>Zofia Kostkiewicz-Chulist<\/h2>\n\n\n\n<p class=\"margin-bottom-30 has-medium-font-size\">Podejmowane przez Kancelari\u0119 dzia\u0142ania kierowane s\u0105 pe\u0142nym zaanga\u017cowaniem oraz indywidualnym i rzetelnym podej\u015bciem do ka\u017cdej sprawy danego klienta i jego potrzeb. Profesjonalny poziom us\u0142ug oparty na wieloletnim do\u015bwiadczeniu w pracy zawodowej zapewnia skuteczne rozwi\u0105zanie zleconej sprawy z uwzgl\u0119dnieniem interes\u00f3w i oczekiwa\u0144 klienta.&nbsp;<\/p>\n\n\n\n<p class=\"margin-bottom-30 has-medium-font-size\">W celu utrzymania jako\u015bci us\u0142ug na najwy\u017cszym poziomie i szerszego spojrzenia na problemy, wsp\u00f3\u0142pracuj\u0119 z doradcami podatkowymi, kredytowymi, brokerami, notariuszami, komornikami oraz bieg\u0142ymi s\u0105dowymi i t\u0142umaczami przysi\u0119g\u0142ymi.<\/p>\n\n\n\n<p class=\"has-medium-font-size\"><\/p>\n\n\n\n<div class=\"wp-block-buttons is-content-justification-center is-layout-flex wp-container-core-buttons-is-layout-16018d1d wp-block-buttons-is-layout-flex\">\n<div class=\"wp-block-button\"><a class=\"wp-block-button__link has-background has-text-align-center wp-element-button\" href=\"https:\/\/kancelariakostkiewicz.pl\/index.php\/doswiadczenie-2\/\" style=\"background-color:#00556d\">Wi\u0119cej<\/a><\/div>\n<\/div>\n<\/div>\n<\/div>\n\n\n\n<div style=\"height:100px\" aria-hidden=\"true\" class=\"wp-block-spacer\"><\/div>\n\n\n\n<div class=\"wp-block-cover is-light\" style=\"min-height:200px;aspect-ratio:unset;\"><span aria-hidden=\"true\" class=\"wp-block-cover__background has-background-dim-70 has-background-dim\" style=\"background-color:#00556d\"><\/span><div class=\"wp-block-cover__inner-container is-layout-flow wp-block-cover-is-layout-flow\">\n<div style=\"height:50px\" aria-hidden=\"true\" class=\"wp-block-spacer\"><\/div>\n\n\n\n<div class=\"wp-block-columns are-vertically-aligned-center is-layout-flex wp-container-core-columns-is-layout-9d6595d7 wp-block-columns-is-layout-flex\">\n<div class=\"wp-block-column is-vertically-aligned-center is-layout-flow wp-block-column-is-layout-flow\" style=\"flex-basis:66.66%\">\n<h2 class=\"wp-block-heading has-white-color has-text-color has-link-color wp-elements-5ce1144e3b24dae9e1a393d256ea00e2\">Potrzebujesz porady lub poprowadzenia sprawy?<\/h2>\n\n\n\n<div style=\"height:10px\" aria-hidden=\"true\" class=\"wp-block-spacer\"><\/div>\n\n\n\n<p class=\"has-white-color has-text-color has-link-color wp-elements-b2c46f37033dea9436ef356a3443d897\">Z ch\u0119ci\u0105 udziel\u0119 pomocy w ramach konsultacji oraz zajm\u0119 si\u0119 spraw\u0105 do uzyskania po\u017c\u0105danego wniosku.<\/p>\n<\/div>\n\n\n\n<div class=\"wp-block-column is-vertically-aligned-center is-layout-flow wp-block-column-is-layout-flow\" style=\"flex-basis:33.33%\">\n<div class=\"wp-block-buttons is-horizontal is-content-justification-center is-layout-flex wp-container-core-buttons-is-layout-b1807681 wp-block-buttons-is-layout-flex\">\n<div class=\"wp-block-button is-style-fill\"><a class=\"wp-block-button__link has-background wp-element-button\" href=\"https:\/\/kancelariakostkiewicz.pl\/index.php\/kontakt-2\/\" style=\"background-color:#00556d\">Kontakt<\/a><\/div>\n<\/div>\n<\/div>\n<\/div>\n\n\n\n<div style=\"height:50px\" aria-hidden=\"true\" class=\"wp-block-spacer\"><\/div>\n<\/div><\/div>\n\n\n\n<div style=\"height:50px\" aria-hidden=\"true\" class=\"wp-block-spacer\"><\/div>\n\n\n\n<div class=\"wp-block-columns are-vertically-aligned-top is-layout-flex wp-container-core-columns-is-layout-9d6595d7 wp-block-columns-is-layout-flex\">\n<div class=\"wp-block-column is-vertically-aligned-top is-layout-flow wp-block-column-is-layout-flow\"><div class=\"wp-block-image\">\n<figure class=\"aligncenter size-full is-resized\"><img loading=\"lazy\" decoding=\"async\" width=\"1200\" height=\"1200\" src=\"http:\/\/krp-zkch.ovh\/wp-content\/uploads\/2024\/10\/profesjonalizm.png\" alt=\"\" class=\"wp-image-31\" style=\"width:auto;height:200px\" srcset=\"https:\/\/kancelariakostkiewicz.pl\/wp-content\/uploads\/2024\/10\/profesjonalizm.png 1200w, https:\/\/kancelariakostkiewicz.pl\/wp-content\/uploads\/2024\/10\/profesjonalizm-300x300.png 300w, https:\/\/kancelariakostkiewicz.pl\/wp-content\/uploads\/2024\/10\/profesjonalizm-1024x1024.png 1024w, https:\/\/kancelariakostkiewicz.pl\/wp-content\/uploads\/2024\/10\/profesjonalizm-150x150.png 150w, https:\/\/kancelariakostkiewicz.pl\/wp-content\/uploads\/2024\/10\/profesjonalizm-768x768.png 768w\" sizes=\"auto, (max-width: 1200px) 100vw, 1200px\" \/><\/figure>\n<\/div>\n\n\n<h2 class=\"wp-block-heading has-text-align-center margin-bottom-20 has-medium-font-size\">Profesjonalizm<\/h2>\n\n\n\n<p class=\"has-text-align-center\"><\/p>\n<\/div>\n\n\n\n<div class=\"wp-block-column is-vertically-aligned-top is-layout-flow wp-block-column-is-layout-flow\"><div class=\"wp-block-image\">\n<figure class=\"aligncenter size-full is-resized\"><img loading=\"lazy\" decoding=\"async\" width=\"1200\" height=\"1200\" src=\"http:\/\/krp-zkch.ovh\/wp-content\/uploads\/2024\/10\/doswiadczenie.png\" alt=\"\" class=\"wp-image-27\" style=\"width:auto;height:200px\" srcset=\"https:\/\/kancelariakostkiewicz.pl\/wp-content\/uploads\/2024\/10\/doswiadczenie.png 1200w, https:\/\/kancelariakostkiewicz.pl\/wp-content\/uploads\/2024\/10\/doswiadczenie-300x300.png 300w, https:\/\/kancelariakostkiewicz.pl\/wp-content\/uploads\/2024\/10\/doswiadczenie-1024x1024.png 1024w, https:\/\/kancelariakostkiewicz.pl\/wp-content\/uploads\/2024\/10\/doswiadczenie-150x150.png 150w, https:\/\/kancelariakostkiewicz.pl\/wp-content\/uploads\/2024\/10\/doswiadczenie-768x768.png 768w\" sizes=\"auto, (max-width: 1200px) 100vw, 1200px\" \/><\/figure>\n<\/div>\n\n\n<h2 class=\"wp-block-heading has-text-align-center margin-bottom-20 has-medium-font-size\">Do\u015bwiadczenie<\/h2>\n\n\n\n<p class=\"has-text-align-center\"><\/p>\n<\/div>\n\n\n\n<div class=\"wp-block-column is-vertically-aligned-top is-layout-flow wp-block-column-is-layout-flow\"><div class=\"wp-block-image\">\n<figure class=\"aligncenter size-full is-resized\"><img loading=\"lazy\" decoding=\"async\" width=\"1200\" height=\"1200\" src=\"http:\/\/krp-zkch.ovh\/wp-content\/uploads\/2024\/10\/rzetelnosc.png\" alt=\"\" class=\"wp-image-33\" style=\"width:auto;height:200px\" srcset=\"https:\/\/kancelariakostkiewicz.pl\/wp-content\/uploads\/2024\/10\/rzetelnosc.png 1200w, https:\/\/kancelariakostkiewicz.pl\/wp-content\/uploads\/2024\/10\/rzetelnosc-300x300.png 300w, https:\/\/kancelariakostkiewicz.pl\/wp-content\/uploads\/2024\/10\/rzetelnosc-1024x1024.png 1024w, https:\/\/kancelariakostkiewicz.pl\/wp-content\/uploads\/2024\/10\/rzetelnosc-150x150.png 150w, https:\/\/kancelariakostkiewicz.pl\/wp-content\/uploads\/2024\/10\/rzetelnosc-768x768.png 768w\" sizes=\"auto, (max-width: 1200px) 100vw, 1200px\" \/><\/figure>\n<\/div>\n\n\n<h2 class=\"wp-block-heading has-text-align-center margin-bottom-20 has-medium-font-size\">Rzetelno\u015b\u0107<\/h2>\n\n\n\n<p class=\"has-text-align-center\"><\/p>\n<\/div>\n\n\n\n<div class=\"wp-block-column is-vertically-aligned-top is-layout-flow wp-block-column-is-layout-flow\"><div class=\"wp-block-image\">\n<figure class=\"aligncenter size-full is-resized\"><img loading=\"lazy\" decoding=\"async\" width=\"1200\" height=\"1200\" src=\"http:\/\/krp-zkch.ovh\/wp-content\/uploads\/2024\/10\/zrozumienie.png\" alt=\"\" class=\"wp-image-38\" style=\"width:auto;height:200px\" srcset=\"https:\/\/kancelariakostkiewicz.pl\/wp-content\/uploads\/2024\/10\/zrozumienie.png 1200w, https:\/\/kancelariakostkiewicz.pl\/wp-content\/uploads\/2024\/10\/zrozumienie-300x300.png 300w, https:\/\/kancelariakostkiewicz.pl\/wp-content\/uploads\/2024\/10\/zrozumienie-1024x1024.png 1024w, https:\/\/kancelariakostkiewicz.pl\/wp-content\/uploads\/2024\/10\/zrozumienie-150x150.png 150w, https:\/\/kancelariakostkiewicz.pl\/wp-content\/uploads\/2024\/10\/zrozumienie-768x768.png 768w\" sizes=\"auto, (max-width: 1200px) 100vw, 1200px\" \/><\/figure>\n<\/div>\n\n\n<h2 class=\"wp-block-heading has-text-align-center margin-bottom-20 has-medium-font-size\">Zrozumienie<\/h2>\n\n\n\n<p class=\"has-text-align-center\"><\/p>\n<\/div>\n<\/div>\n\n\n\n<div style=\"height:50px\" aria-hidden=\"true\" class=\"wp-block-spacer\"><\/div>\n\n\n\n<p><\/p>\n","protected":false},"excerpt":{"rendered":"<p>Kancelaria Radcy Prawnego Zofia Kostkiewicz-Chulist oferuje kompleksow\u0105 obs\u0142ug\u0119 podmiot\u00f3w gospodarczych, fundacji, stowarzysze\u0144 wsp\u00f3lnot mieszkaniowych oraz os\u00f3b fizycznych w zakresie szeroko rozumianego prawa cywilnego i gospodarczego.&nbsp;&hellip;<\/p>\n","protected":false},"author":1,"featured_media":0,"parent":0,"menu_order":0,"comment_status":"closed","ping_status":"closed","template":"","meta":{"footnotes":""},"class_list":["post-6","page","type-page","status-publish","hentry"],"_links":{"self":[{"href":"https:\/\/kancelariakostkiewicz.pl\/index.php\/wp-json\/wp\/v2\/pages\/6","targetHints":{"allow":["GET"]}}],"collection":[{"href":"https:\/\/kancelariakostkiewicz.pl\/index.php\/wp-json\/wp\/v2\/pages"}],"about":[{"href":"https:\/\/kancelariakostkiewicz.pl\/index.php\/wp-json\/wp\/v2\/types\/page"}],"author":[{"embeddable":true,"href":"https:\/\/kancelariakostkiewicz.pl\/index.php\/wp-json\/wp\/v2\/users\/1"}],"replies":[{"embeddable":true,"href":"https:\/\/kancelariakostkiewicz.pl\/index.php\/wp-json\/wp\/v2\/comments?post=6"}],"version-history":[{"count":43,"href":"https:\/\/kancelariakostkiewicz.pl\/index.php\/wp-json\/wp\/v2\/pages\/6\/revisions"}],"predecessor-version":[{"id":215,"href":"https:\/\/kancelariakostkiewicz.pl\/index.php\/wp-json\/wp\/v2\/pages\/6\/revisions\/215"}],"wp:attachment":[{"href":"https:\/\/kancelariakostkiewicz.pl\/index.php\/wp-json\/wp\/v2\/media?parent=6"}],"curies":[{"name":"wp","href":"https:\/\/api.w.org\/{rel}","templated":true}]}}